{"id":3,"date":"2022-09-16T08:03:16","date_gmt":"2022-09-16T06:03:16","guid":{"rendered":"http:\/\/localhost\/oxynite\/?page_id=3"},"modified":"2024-04-02T14:57:13","modified_gmt":"2024-04-02T12:57:13","slug":"polityka-prywatnosci","status":"publish","type":"page","link":"https:\/\/oxynite.com\/pl\/polityka-prywatnosci\/","title":{"rendered":"Polityka prywatno\u015bci"},"content":{"rendered":"\r\n<p align=\"left\">\u00a7 1 Postanowienia og\u00f3lne<\/p>\r\n<ol>\r\n<li>\r\n<p align=\"left\"><a name=\"_gjdgxs\"><\/a>Niniejsza polityka prywatno\u015bci dotyczy zasad przetwarzania danych osobowych przetwarzanych w ramach korzystania ze zbioru stron internetowych umieszczonych w domenie oxynite.com (\u201eSerwis\u201d).<\/p>\r\n<\/li>\r\n<li>\r\n<p align=\"left\">Administratorem danych osobowych przetwarzanych w Serwisie jest Fundacja Oxynite z siedzib\u0105 w Trzebinia pod adresem ul. Grunwaldzka 69 m. 1, 32-540 Trzebinia, zarejestrowana w rejestrze przedsi\u0119biorc\u00f3w oraz rejestrze stowarzysze\u0144, innych organizacji spo\u0142ecznych i zawodowych, fundacji oraz samodzielnych publicznych zak\u0142ad\u00f3w opieki zdrowotnej Krajowego Rejestru S\u0105dowego prowadzonego przez Krak\u00f3w pod numerem 0001030925, wpisana do rejestru organizator\u00f3w turystyki przedsi\u0119biorc\u00f3w u\u0142atwiaj\u0105cych nabywanie powi\u0105zanych us\u0142ug turystycznych prowadzonym przez Marsza\u0142ka Wojew\u00f3dztwa ma\u0142opolskie pod numerem 41671,posiadaj\u0105ca NIP 6282291045 oraz REGON 525060978, o kapitale zak\u0142adowym w wysoko\u015bci 2000, adres e-mail: biuro@oxynite.com, tel.: 531312728 (dalej jako \u201eAdministrator&#8221;).<\/p>\r\n<\/li>\r\n<li>\r\n<p align=\"left\">Z Administratorem mo\u017cna skontaktowa\u0107 si\u0119 pisemnie na adres siedziby wskazany powy\u017cej lub pod adresem e-mail: biuro@oxynite.com.<\/p>\r\n<\/li>\r\n<li>\r\n<p align=\"left\">Administrator przestrzega zasad stosowania odpowiednich \u015brodk\u00f3w techniczno-organizacyjnych okre\u015blonych w Rozporz\u0105dzeniu Parlamentu Europejskiego i Rady (UE) 2016\/679 z dnia 27 kwietnia 2016 r. w sprawie ochrony os\u00f3b fizycznych w zwi\u0105zku z przetwarzaniem danych osobowych i w sprawie swobodnego przep\u0142ywu takich danych oraz uchylenia dyrektywy 95\/46\/WE (\u201eRODO\u201d), w tym w szczeg\u00f3lno\u015bci dotycz\u0105cych odpowiedniego zabezpieczenia danych osobowych przed niezgodnym z prawem dost\u0119pem, modyfikacj\u0105 lub zniszczeniem danych przez osoby nieuprawnione.<\/p>\r\n<\/li>\r\n<li>\r\n<p align=\"left\">W kwestiach nieuregulowanych w niniejszej Polityce Prywatno\u015bci zastosowanie znajd\u0105 odpowiednie postanowienia Regulaminu Serwisu udost\u0119pnionego pod adresem: https:\/\/oxynite.com\/pl\/regulamin\/<a href=\"http:\/\/www.kartazgloszen.pl\/regulations\" rel=\"nofollow noopener\" target=\"_blank\">. Wszelkie poj\u0119cia pisane du\u017c\u0105 liter\u0105 a niezdefiniowane w Polityce Prywatno\u015bci maj\u0105 znaczenie nadane im w Regulaminie Serwisu. <\/a><\/p>\r\n<\/li>\r\n<li>\r\n<p align=\"left\">Administrator zastrzega sobie prawo do zmiany niniejszej Polityki Prywatno\u015bci w dowolnym czasie, w szczeg\u00f3lno\u015bci z uwagi na zmian\u0119 funkcjonalno\u015bci Serwisu lub zmian\u0119 obowi\u0105zuj\u0105cych przepisach prawa.<\/p>\r\n<\/li>\r\n<\/ol>\r\n<p align=\"left\">\u00a7 2 Kategorie, cele i podstawy przetwarzania<\/p>\r\n<ol>\r\n<li>\r\n<p align=\"left\">Administrator b\u0119dzie przetwarza\u0142 nast\u0119puj\u0105ce kategorie danych u\u017cytkownik\u00f3w korzystaj\u0105cych z Serwisu (\u201eU\u017cytkownicy\u201d):<\/p>\r\n<\/li>\r\n<\/ol>\r\n<ol type=\"a\">\r\n<li>\r\n<p align=\"left\">dane powi\u0105zane z zawieranymi umowami i dokonywanymi rezerwacjami takie jak imi\u0119, nazwisko, dane teleadresowe, dane dotycz\u0105ce podr\u00f3\u017cy, informacje o p\u0142atno\u015bciach i transakcjach;<\/p>\r\n<\/li>\r\n<li>\r\n<p align=\"left\">dane powi\u0105zane z kontem w Serwisie imi\u0119, nazwisko, dane teleadresowe, dane do logowania;<\/p>\r\n<\/li>\r\n<li>\r\n<p align=\"left\">informacje o korzystaniu z Serwisu przez U\u017cytkownik\u00f3w, takie jak adres IP, urz\u0105dzenia ko\u0144cowe, dane o ruchu na stronie.<\/p>\r\n<\/li>\r\n<\/ol>\r\n<ol start=\"2\">\r\n<li>\r\n<p align=\"left\">Podane przez U\u017cytkownik\u00f3w dane osobowe b\u0119d\u0105 przetwarzane w nast\u0119puj\u0105cych celach i na nast\u0119puj\u0105cych podstawach:<\/p>\r\n<\/li>\r\n<\/ol>\r\n<ol type=\"a\">\r\n<li>\r\n<p align=\"left\">w celach zwi\u0105zanych z zawieraniem i wykonywaniem um\u00f3w zawieranych za po\u015brednictwem Serwisu i dokonywaniem rezerwacji lub do podj\u0119cia dzia\u0142a\u0144 na \u017c\u0105danie U\u017cytkownika przed zawarciem umowy (art. 6 lit. b RODO);<\/p>\r\n<\/li>\r\n<li>\r\n<p align=\"left\">w celu komunikacji z U\u017cytkownikami i udzielenia odpowiedzi na otrzymywane od U\u017cytkownik\u00f3w wiadomo\u015bci, np. z formularzy kontaktowych dost\u0119pnych w Serwisie, co stanowi prawnie uzasadniony interes Administratora (art. 6 lit. f RODO),<\/p>\r\n<\/li>\r\n<li>\r\n<p align=\"left\">w celach zwi\u0105zanych z korzystaniem przez U\u017cytkownika Serwisu, obs\u0142ugi konta w Serwisie, udzielenia wsparcia technicznego, tj. dla cel\u00f3w wykonania umowy o korzystanie z Serwisu lub do podj\u0119cia dzia\u0142a\u0144 na \u017c\u0105danie U\u017cytkownika przed zawarciem umowy (art. 6 ust. 1 lit. b RODO),<\/p>\r\n<\/li>\r\n<li>\r\n<p align=\"left\">w celu w wype\u0142nienia obowi\u0105zk\u00f3w prawnych ci\u0105\u017c\u0105cych na Administratorze, w szczeg\u00f3lno\u015bci w celach ksi\u0119gowo-podatkowych, w zwi\u0105zku z ewentualnymi kontrolami lub zapytaniami, post\u0119powaniami s\u0105dowymi, itd. (art. 6 ust. 1 lit. c RODO);<\/p>\r\n<\/li>\r\n<li>\r\n<p align=\"left\">w przypadku otrzymania danych od innego U\u017cytkownika, co mo\u017ce mie\u0107 miejsce, je\u015bli dane te przetwarzane s\u0105 w celu realizacji rezerwacji dokonanej przez U\u017cytkownika (wi\u0119cej os\u00f3b na jednej rezerwacji), co stanowi prawnie uzasadniony interes Administratora (art. 6 ust. 1 lit. f RODO),<\/p>\r\n<\/li>\r\n<li>\r\n<p align=\"left\">w celu ewentualnego ustalenia, dochodzenia lub obrony przed roszczeniami, a tak\u017ce w celu zapewnienia bezpiecze\u0144stwa ruchu i us\u0142ug, oraz przeciwdzia\u0142ania nadu\u017cyciom i oszustwom co stanowi prawnie uzasadniony interes Administratora (art. 6 ust. 1 lit. f RODO),<\/p>\r\n<\/li>\r\n<li>\r\n<p align=\"left\">w celu oferowania produkt\u00f3w i us\u0142ug Administratora, co stanowi prawnie uzasadniony interes Administratora w postaci mo\u017cliwo\u015bci prowadzenia marketingu bezpo\u015bredniego (art. 6 ust. 1 lit. f RODO),<\/p>\r\n<\/li>\r\n<li>\r\n<p align=\"left\">w celach archiwalnych i dowodowych dla zabezpieczenia informacji na wypadek prawnej potrzeby wykazania fakt\u00f3w, w tym dope\u0142nienia obowi\u0105zku rozliczalno\u015bci wynikaj\u0105cego z RODO, co jest prawnie uzasadnionym interesem Administratora (art. 6 ust. 1 lit. f RODO),<\/p>\r\n<\/li>\r\n<li>\r\n<p align=\"left\">w pozosta\u0142ych przypadkach, tam, gdzie przewidziano mo\u017cliwo\u015b\u0107 wyra\u017cenia zgody na przetwarzanie danych osobowych, dane b\u0119d\u0105 przetwarzane w zakresie i w celu wyra\u017conym w tre\u015bci zgody (art. 6 ust. 1 lit. a RODO). Je\u017celi U\u017cytkownik wyrazi\u0142 zgod\u0119 na otrzymywanie komunikat\u00f3w marketingowych na adres e-mail oraz numer telefonu, to podstaw\u0105 prawn\u0105 b\u0119dzie tak\u017ce art. 10 ustawy z dnia 18 lipca 2002 r. o \u015bwiadczeniu us\u0142ug drog\u0105 elektroniczn\u0105 oraz art. 172 ustawy z dnia 16 lipca 2004 r. \u2013 Prawo telekomunikacyjne.<\/p>\r\n<\/li>\r\n<\/ol>\r\n<ol start=\"3\">\r\n<li>\r\n<p align=\"left\">Podanie danych osobowych jest dobrowolne, lecz odmowa ich podania uniemo\u017cliwi dokonanie rezerwacji, korzystanie z funkcjonalno\u015bci Serwisu czy te\u017c otrzymanie odpowiedzi na wys\u0142ane zapytanie.<\/p>\r\n<\/li>\r\n<\/ol>\r\n<p align=\"left\">\u00a7 3 Prawa U\u017cytkownik\u00f3w<\/p>\r\n<ol>\r\n<li>\r\n<p align=\"left\">Ka\u017cdemu U\u017cytkownikowi przys\u0142uguje prawo do:<\/p>\r\n<ol type=\"a\">\r\n<li>\r\n<p align=\"left\">dost\u0119pu do swoich danych oraz otrzymania ich kopii,<\/p>\r\n<\/li>\r\n<li>\r\n<p align=\"left\">sprostowania (poprawiania) swoich danych,<\/p>\r\n<\/li>\r\n<li>\r\n<p align=\"left\">usuni\u0119cia danych, je\u015bli jest to dopuszczalne na gruncie RODO,<\/p>\r\n<\/li>\r\n<li>\r\n<p align=\"left\">ograniczenia przetwarzania danych, w takim zakresie jakim zezwala na to RODO,<\/p>\r\n<\/li>\r\n<li>\r\n<p align=\"left\">wniesienia sprzeciwu wobec przetwarzania danych przetwarzanych w celu realizacji prawnie uzasadnionego interesu Administratora lub osoby trzeciej, w tym prowadzenia marketingu bezpo\u015bredniego, a tak\u017ce, gdy przetwarzanie jest niezb\u0119dne Administratorowi do wykonania zadania realizowanego w interesie publicznym lub do sprawowania powierzonej Administratorowi w\u0142adzy publicznej,<\/p>\r\n<\/li>\r\n<li>\r\n<p align=\"left\">przenoszenia danych na warunkach okre\u015blonych w RODO,<\/p>\r\n<\/li>\r\n<li>\r\n<p align=\"left\">wniesienia skargi do organu nadzorczego \u2013 je\u017celi U\u017cytkownik uwa\u017ca, \u017ce Administrator przetwarza jego dane niezgodnie z prawem, mo\u017ce z\u0142o\u017cy\u0107 w tej sprawie skarg\u0119 do Prezesa Urz\u0119du Ochrony Danych Osobowych,<\/p>\r\n<\/li>\r\n<li>\r\n<p align=\"left\">cofni\u0119cia zgody na przetwarzanie danych osobowych \u2013 w ka\u017cdej chwili U\u017cytkownik ma prawo cofn\u0105\u0107 zgod\u0119 na przetwarzanie tych danych osobowych, kt\u00f3re Administrator przetwarza na podstawie jego zgody; cofni\u0119cie zgody nie b\u0119dzie wp\u0142ywa\u0107 na zgodno\u015b\u0107 z prawem przetwarzania, kt\u00f3rego dokonano na podstawie zgody przed jej wycofaniem.<\/p>\r\n<\/li>\r\n<\/ol>\r\n<\/li>\r\n<\/ol>\r\n<p align=\"left\">\u00a0<\/p>\r\n<p align=\"left\">\u00a7 4 Okres przechowywania danych<\/p>\r\n<ol type=\"a\">\r\n<li style=\"list-style-type: none;\">\r\n<ol>\r\n<li>\r\n<p align=\"left\">Dane osobowe b\u0119d\u0105 przechowywane przez okres niezb\u0119dny do zrealizowania cel\u00f3w, dla kt\u00f3rych zosta\u0142y zebrane, tj.:<\/p>\r\n<\/li>\r\n<\/ol>\r\n<\/li>\r\n<\/ol>\r\n<ol type=\"a\">\r\n<li>\r\n<p align=\"left\">w przypadku realizacji um\u00f3w oraz rezerwacji na czas zgodny z przepisami prawa (do up\u0142ywu termin\u00f3w dochodzenia roszcze\u0144 oraz do up\u0142ywu okres\u00f3w wyznaczonych przepisami prawa na przechowywanie dokument\u00f3w ksi\u0119gowych),<\/p>\r\n<\/li>\r\n<li>\r\n<p align=\"left\">w przypadku korzystania z Serwisu, a tak\u017ce po zako\u0144czeniu przez U\u017cytkownika korzystania z Serwisu na czas zgodny z przepisami prawa (do up\u0142ywu termin\u00f3w dochodzenia roszcze\u0144 oraz do up\u0142ywu okres\u00f3w wyznaczonych przepisami prawa na przechowywanie dokument\u00f3w ksi\u0119gowych),<\/p>\r\n<\/li>\r\n<li>\r\n<p align=\"left\">w przypadku danych przetwarzanych na podstawie zgody U\u017cytkownika &#8211; do czasu cofni\u0119cia zgody, z tym zastrze\u017ceniem, \u017ce je\u015bli U\u017cytkownik cofnie zgod\u0119 lub usunie dane w Serwisie, Administrator mo\u017ce w dalszym ci\u0105gu przetwarza\u0107 te dane, kt\u00f3re s\u0105 niezb\u0119dne do wykonania wcze\u015bniej zawartych um\u00f3w,<\/p>\r\n<\/li>\r\n<li>\r\n<p align=\"left\">w przypadku gdy dane osobowe b\u0119d\u0105 przetwarzane w celu realizacji prawnie uzasadnionych interes\u00f3w Administratora lub osoby trzeciej, o kt\u00f3rych mowa w niniejszej Polityce Prywatno\u015bci, przez okres do czasu realizacji tych interes\u00f3w lub wniesienia sprzeciwu wobec takiego przetwarzania, o ile nie zajdzie sytuacja, w kt\u00f3rej RODO dopuszcza dalsze przetwarzanie danych,<\/p>\r\n<\/li>\r\n<li>\r\n<p align=\"left\">w zakresie realizacji obowi\u0105zku prawnego ci\u0105\u017c\u0105cego na Administratorze przez okres i w zakresie wymaganym przez przepisy prawa, a po tym czasie przez okres wynikaj\u0105cy z przepis\u00f3w prawa lub dla realizacji uzasadnionych interes\u00f3w Administratora, w tym dla zabezpieczenia i dochodzenia ewentualnych roszcze\u0144.<\/p>\r\n<\/li>\r\n<\/ol>\r\n<p align=\"left\">\u00a7 5 Odbiorcy danych<\/p>\r\n<ol>\r\n<li>\r\n<p align=\"left\">Dost\u0119p do danych osobowych U\u017cytkownik\u00f3w mog\u0105 mie\u0107:<\/p>\r\n<\/li>\r\n<\/ol>\r\n<ol>\r\n<li style=\"list-style-type: none;\">\r\n<ol type=\"a\">\r\n<li style=\"list-style-type: none;\">\r\n<ol type=\"a\">\r\n<li>\r\n<p align=\"left\">towarzystwa ubezpieczeniowe, linie lotnicze, hotele, organizatorzy turystyki oraz inne podmioty wsp\u00f3\u0142pracuj\u0105ce przy realizacji zawartych z U\u017cytkownikami um\u00f3w, mog\u0105ce by\u0107 w tym zakresie odr\u0119bnymi administratorami danych,<\/p>\r\n<\/li>\r\n<li>\r\n<p align=\"left\">podmioty w zakresie realizacji proces\u00f3w p\u0142atno\u015bci dost\u0119pnych w Serwisie \u2013 operatorzy p\u0142atno\u015bci, mog\u0105cy by\u0107 w tym zakresie odr\u0119bnymi administratorami danych,<\/p>\r\n<\/li>\r\n<li>\r\n<p align=\"left\">dostawcy us\u0142ug zaopatruj\u0105cy Administratora w rozwi\u0105zania techniczne i organizacyjne, w szczeg\u00f3lno\u015bci podmioty \u015bwiadcz\u0105ce us\u0142ugi w obszarze IT, hostingu, marketingu, analityki,<\/p>\r\n<\/li>\r\n<li>\r\n<p align=\"left\">biura ksi\u0119gowe, doradcy podatkowi, podmioty \u015bwiadcz\u0105ce pomoc prawn\u0105,<\/p>\r\n<\/li>\r\n<li>\r\n<p align=\"left\">w\u0142a\u015bciwe organy pa\u0144stwa, w oparciu o obowi\u0105zuj\u0105ce przepisy prawa.<\/p>\r\n<\/li>\r\n<\/ol>\r\n<\/li>\r\n<\/ol>\r\n<\/li>\r\n<\/ol>\r\n<ol start=\"2\">\r\n<li>\r\n<p align=\"left\">Administrator nie b\u0119dzie przekazywa\u0107 ani zezwala\u0107 na przekazywanie danych osobowych poza terytorium Europejskiego Obszaru Gospodarczego z wyj\u0105tkiem podmiot\u00f3w, wobec kt\u00f3rych podj\u0119te zostan\u0105 \u015brodki niezb\u0119dne do zapewnienia, \u017ce przekazanie jest zgodne z RODO. Przedmiotowe \u015brodki mog\u0105 obejmowa\u0107 w szczeg\u00f3lno\u015bci przekazywanie danych osobowych odbiorcy w kraju, kt\u00f3ry zgodnie z decyzj\u0105 Komisji Europejskiej, zapewnia odpowiedni\u0105 ochron\u0119 danych osobowych, b\u0105d\u017a przekazanie danych osobowych odbywa\u0107 si\u0119 b\u0119dzie z zastrze\u017ceniem odpowiednich zabezpiecze\u0144, o kt\u00f3rych mowa w art. 46 RODO.<\/p>\r\n<\/li>\r\n<\/ol>\r\n<p align=\"left\">\u00a76 Polityka plik\u00f3w Cookies<\/p>\r\n<ol>\r\n<li>\r\n<p align=\"left\">W Serwisie mog\u0105 by\u0107 stosowane pliki cookies (tzw. \u201eciasteczka\u201d) obejmuj\u0105ce dane informatyczne, w szczeg\u00f3lno\u015bci pliki tekstowe, kt\u00f3re przechowywane s\u0105 w urz\u0105dzeniu ko\u0144cowym U\u017cytkownika. Pliki cookies mo\u017ce stosowa\u0107 Administrator jak i podmioty trzecie mog\u0105ce by\u0107 w tym zakresie odr\u0119bnymi administratorami.<\/p>\r\n<\/li>\r\n<li>\r\n<p align=\"left\">W Serwisie stosowane s\u0105 zasadniczo dwa typy plik\u00f3w cookies, tj. cookies \u201esesyjne\u201d stanowi\u0105ce pliki tymczasowe, kt\u00f3re przechowywane s\u0105 w urz\u0105dzeniu ko\u0144cowym U\u017cytkownika do czasu wylogowania, opuszczenia Serwisu lub wy\u0142\u0105czenia oprogramowania (w\u0142a\u015bciwej przegl\u0105darki internetowej) oraz cookies \u201esta\u0142e\u201d \u2013 stanowi\u0105ce pliki przechowywane w urz\u0105dzeniu ko\u0144cowym U\u017cytkownika przez czas okre\u015blony w parametrach plik\u00f3w cookies lub do czasu ich usuni\u0119cia przez U\u017cytkownika.<\/p>\r\n<\/li>\r\n<li>\r\n<p align=\"left\">W Serwisie wykorzystywane mog\u0105 by\u0107 nast\u0119puj\u0105ce rodzaje plik\u00f3w cookies:<\/p>\r\n<\/li>\r\n<\/ol>\r\n<ol>\r\n<li style=\"list-style-type: none;\">\r\n<ol type=\"a\">\r\n<li style=\"list-style-type: none;\">\r\n<ol type=\"a\">\r\n<li>\r\n<p align=\"left\">\u201eniezb\u0119dne\u201d pliki cookies, umo\u017cliwiaj\u0105ce korzystanie z us\u0142ug dost\u0119pnych w ramach Serwisu, np. uwierzytelniaj\u0105ce pliki cookies wykorzystywane do us\u0142ug wymagaj\u0105cych uwierzytelniania w ramach Serwisu;<\/p>\r\n<\/li>\r\n<li>\r\n<p align=\"left\">pliki cookies s\u0142u\u017c\u0105ce do zapewnienia bezpiecze\u0144stwa, np. wykorzystywane do wykrywania nadu\u017cy\u0107 w zakresie uwierzytelniania w ramach Serwisu;<\/p>\r\n<\/li>\r\n<li>\r\n<p align=\"left\">\u201efunkcjonalne\u201d pliki cookies, umo\u017cliwiaj\u0105ce \u201ezapami\u0119tanie\u201d wybranych przez U\u017cytkownika ustawie\u0144 i personalizacj\u0119 interfejsu U\u017cytkownika, np. w zakresie wybranego j\u0119zyka lub regionu, z kt\u00f3rego pochodzi U\u017cytkownik, rozmiaru czcionki, wygl\u0105du strony internetowej itp.;<\/p>\r\n<\/li>\r\n<li>\r\n<p align=\"left\">\u201ereklamowe\u201d pliki cookies, umo\u017cliwiaj\u0105ce dostarczanie U\u017cytkownikom tre\u015bci reklamowych bardziej dostosowanych do ich zainteresowa\u0144;<\/p>\r\n<\/li>\r\n<li>\r\n<p align=\"left\">\u201ewydajno\u015bciowe\u201d pliki cookies, umo\u017cliwiaj\u0105ce zbieranie informacji o sposobie korzystania ze stron internetowych Serwisu.<\/p>\r\n<\/li>\r\n<\/ol>\r\n<\/li>\r\n<\/ol>\r\n<\/li>\r\n<\/ol>\r\n<ol start=\"4\">\r\n<li>\r\n<p align=\"left\">U\u017cytkownicy mog\u0105 dokona\u0107 w ka\u017cdym czasie zmiany ustawie\u0144 dotycz\u0105cych plik\u00f3w cookies za pomoc\u0105 zmiany ustawie\u0144 przegl\u0105darki internetowej. Ustawienia te mog\u0105 zosta\u0107 zmienione w szczeg\u00f3lno\u015bci w taki spos\u00f3b, aby blokowa\u0107 automatyczn\u0105 obs\u0142ug\u0119 plik\u00f3w cookies b\u0105d\u017a informowa\u0107 o ich ka\u017cdorazowym zamieszczeniu w urz\u0105dzeniu U\u017cytkownika. Szczeg\u00f3\u0142owe informacje o mo\u017cliwo\u015bci i sposobach obs\u0142ugi plik\u00f3w cookies dost\u0119pne s\u0105 w ustawieniach oprogramowania (przegl\u0105darki internetowej) np. na poni\u017cszych stronach:<\/p>\r\n<\/li>\r\n<\/ol>\r\n<ol type=\"a\">\r\n<li>\r\n<p align=\"left\">Firefox: <a href=\"http:\/\/support.mozilla.org\/pl\/kb\/ciasteczka\" rel=\"nofollow noopener\" target=\"_blank\">http:\/\/support.mozilla.org\/pl\/kb\/ciasteczka<\/a>,<\/p>\r\n<\/li>\r\n<li>\r\n<p align=\"left\">Internet Explorer: <a href=\"https:\/\/support.microsoft.com\/pl-pl\/topic\/usuwanie-plik%C3%B3w-cookie-i-zarz%C4%85dzanie-nimi-168dab11-0753-043d-7c16-ede5947fc64d\" rel=\"nofollow noopener\" target=\"_blank\">https:\/\/support.microsoft.com\/pl-pl\/topic\/usuwanie-plik%C3%B3w-cookie-i-zarz%C4%85dzanie-nimi-168dab11-0753-043d-7c16-ede5947fc64d<\/a>,<\/p>\r\n<\/li>\r\n<li>\r\n<p align=\"left\">Chrome: <a href=\"http:\/\/support.google.com\/chrome\/bin\/answer.py?hl=pl&amp;answer=95647\" rel=\"nofollow noopener\" target=\"_blank\">http:\/\/support.google.com\/chrome\/bin\/answer.py?hl=pl&amp;answer=95647<\/a>,<\/p>\r\n<\/li>\r\n<li>\r\n<p align=\"left\">Opera: <a href=\"http:\/\/help.opera.com\/Linux\/12.10\/pl\/cookies.html\" rel=\"nofollow noopener\" target=\"_blank\">http:\/\/help.opera.com\/Linux\/12.10\/pl\/cookies.html<\/a>,<\/p>\r\n<\/li>\r\n<li>\r\n<p align=\"left\">Safari: <a href=\"http:\/\/support.apple.com\/kb\/HT1677?viewlocale=pl_PL&amp;locale=pl_PL\" rel=\"nofollow noopener\" target=\"_blank\">http:\/\/support.apple.com\/kb\/HT1677?viewlocale=pl_PL&amp;locale=pl_PL<\/a><\/p>\r\n<\/li>\r\n<\/ol>\r\n<p align=\"left\"><br \/><br \/><\/p>\r\n<p align=\"left\">\u00a77 Postanowienia ko\u0144cowe<\/p>\r\n<ol>\r\n<li>\r\n<p align=\"left\">Niniejsza polityka prywatno\u015bci obowi\u0105zuje od dnia 01.01.2024<\/p>\r\n<\/li>\r\n<\/ol>\r\n","protected":false},"excerpt":{"rendered":"<p>\u00a7 1 Postanowienia og\u00f3lne Niniejsza polityka prywatno\u015bci dotyczy zasad przetwarzania danych osobowych przetwarzanych w ramach korzystania ze zbioru stron internetowych umieszczonych w domenie oxynite.com (\u201eSerwis\u201d). Administratorem danych osobowych przetwarzanych w Serwisie jest Fundacja Oxynite z siedzib\u0105 w Trzebinia pod adresem ul. Grunwaldzka 69 m. 1, 32-540 Trzebinia, zarejestrowana w rejestrze przedsi\u0119biorc\u00f3w oraz rejestrze stowarzysze\u0144, innych [&hellip;]<\/p>\n","protected":false},"author":1,"featured_media":0,"parent":0,"menu_order":0,"comment_status":"closed","ping_status":"open","template":"","meta":{"_acf_changed":false,"inline_featured_image":false,"footnotes":""},"class_list":["post-3","page","type-page","status-publish","hentry"],"acf":[],"_links":{"self":[{"href":"https:\/\/oxynite.com\/pl\/wp-json\/wp\/v2\/pages\/3","targetHints":{"allow":["GET"]}}],"collection":[{"href":"https:\/\/oxynite.com\/pl\/wp-json\/wp\/v2\/pages"}],"about":[{"href":"https:\/\/oxynite.com\/pl\/wp-json\/wp\/v2\/types\/page"}],"author":[{"embeddable":true,"href":"https:\/\/oxynite.com\/pl\/wp-json\/wp\/v2\/users\/1"}],"replies":[{"embeddable":true,"href":"https:\/\/oxynite.com\/pl\/wp-json\/wp\/v2\/comments?post=3"}],"version-history":[{"count":7,"href":"https:\/\/oxynite.com\/pl\/wp-json\/wp\/v2\/pages\/3\/revisions"}],"predecessor-version":[{"id":3845,"href":"https:\/\/oxynite.com\/pl\/wp-json\/wp\/v2\/pages\/3\/revisions\/3845"}],"wp:attachment":[{"href":"https:\/\/oxynite.com\/pl\/wp-json\/wp\/v2\/media?parent=3"}],"curies":[{"name":"wp","href":"https:\/\/api.w.org\/{rel}","templated":true}]}}